{"id":13,"date":"2023-05-23T10:02:09","date_gmt":"2023-05-23T10:02:09","guid":{"rendered":"http:\/\/193.194.89.179\/wp_laromad\/?page_id=13"},"modified":"2025-06-01T20:44:14","modified_gmt":"2025-06-01T20:44:14","slug":"theses","status":"publish","type":"page","link":"https:\/\/laromad.usthb.dz\/index.php\/theses\/","title":{"rendered":"Th\u00e8ses"},"content":{"rendered":"\n<h3 class=\"wp-block-heading\"><strong>HABILITATIONS UNIVERSITAIRES<\/strong><\/h3>\n\n\n\n<blockquote class=\"wp-block-quote is-layout-flow wp-block-quote-is-layout-flow\">\n<ol style=\"background:linear-gradient(86deg,rgb(255,245,203) 0%,rgb(182,227,212) 50%,rgb(51,167,181) 100%)\" class=\"wp-block-list has-background\">\n<li class=\"has-normal-font-size\">OUDRAR Djamila <em>: USTHB, Alger, 18 F\u00e9vrier 2025.<\/em><\/li>\n\n\n\n<li class=\"has-normal-font-size\">MAACHOU Nac\u00e9ra <em>: USTHB, Alger, 30 Janvier 2025.<\/em><\/li>\n\n\n\n<li class=\"has-normal-font-size\"><em>BOUTICHE Mohamed Amine\u00a0: USTHB, Alger, 08 Juillet 2017.<\/em><\/li>\n\n\n\n<li class=\"has-normal-font-size\"><em>MESLEM Kahina\u00a0: USTHB, Alger, 06 Mai 2018.<\/em><\/li>\n\n\n\n<li class=\"has-normal-font-size\"><em>SLIMANI Souad : USTHB, ALger, 21 Novembre 2021.<\/em><\/li>\n\n\n\n<li class=\"has-normal-font-size\"><em>ADICHE Chahrazad : USTHB, Alger, 11 D\u00e9cembre 2021. <\/em><\/li>\n\n\n\n<li class=\"has-normal-font-size\"><em>KOUIDER Ahmed : USTHB, Alger, 22 D\u00e9cembre 2021.<\/em><\/li>\n<\/ol>\n<\/blockquote>\n\n\n\n<h3 class=\"wp-block-heading\"><strong>DOCTORATS SOUTENUS<\/strong><\/h3>\n\n\n\n<blockquote class=\"wp-block-quote is-layout-flow wp-block-quote-is-layout-flow\">\n<ol style=\"background:linear-gradient(89deg,rgb(255,245,203) 0%,rgb(182,227,212) 50%,rgb(51,167,181) 100%)\" class=\"wp-block-list has-background\">\n<li class=\"has-normal-font-size\">BOULEBENE Sabryn : Le probl\u00e8me du bin packing multiobjectif dynamique, USTHB, 10 mai 2025, <em><em>Directeur de th\u00e8se :\u00a0A\u00cfDER M\u00e9ziane\u00a0(USTHB, Alger), co-DIrecteur de th\u00e8se <em>: HIFI Mhand (UPJV-Amiens, France) ;<\/em><\/em><\/em> <\/li>\n\n\n\n<li class=\"has-normal-font-size\"><em><em><strong>BADAOUI Ilias\u00a0<\/strong>:\u00a0Bi-objective Stochastic Optimization over the Efficient Set of a Multi-Objective Stochastic Integer Linear Problem.\u00a0<strong>27 F\u00e9vrier\u00a02025<\/strong>, Directeur de th\u00e8se :\u00a0MOULA\u00cf Mustapha\u00a0(USTHB, Alger) ;<\/em><\/em><\/li>\n\n\n\n<li class=\"has-normal-font-size\"><em><strong>BENCHEIKH Ali<\/strong>\u00a0: L\u2019optimisation sur l\u2019ensemble efficient d\u2019un probl\u00e8me multi-objectif quadratique.\u00a0<strong>30 Janvier\u00a02025<\/strong>, Directeur de th\u00e8se :\u00a0MOULA\u00cf Mustapha\u00a0(USTHB, Alger) ;<\/em><\/li>\n\n\n\n<li class=\"has-normal-font-size\"><em>AZZI Aida Ilham : Probl\u00e8me obnoxious <\/em>p<em>-m\u00e9dian bi-objectif, <\/em>24 F\u00e9vrier 2024, <em>Directeur de th\u00e8se\u00a0:\u00a0A\u00cfDER M\u00e9ziane (USTHB, Alger), co-Directeur de th\u00e8se : HIFI Mhand (UPJV-Amiens, France) ;<\/em><\/li>\n\n\n\n<li class=\"has-normal-font-size\"><em>DEY Imane :  M\u00e9thodes coop\u00e9ratives \u00e0 base de population pour le probl\u00e8me des r\u00e9seaux de transport et de t\u00e9l\u00e9communication, 24 F\u00e9vrier 2024,<\/em> <em>Directeur de th\u00e8se&nbsp;:&nbsp;A\u00cfDER M\u00e9ziane (USTHB, Alger), co-Directeur de th\u00e8se : HIFI Mhand (UPJV-Amiens, France) ;<\/em><\/li>\n\n\n\n<li class=\"has-normal-font-size\"><em>BAAZIZ Adlane: Sur des probl\u00e8mes de multicoloration de graphes et des probl\u00e8mes d\u2019ordonnancement d\u2019atelier de production. 08 October 2023, Directeur de th\u00e8se&nbsp;: AIT HADDADENE Hac\u00e8ne (USTHB, Alger) <\/em>;<\/li>\n\n\n\n<li class=\"has-normal-font-size\"><em>BOUGHANI Chafia : Approche poly\u00e9drale pour les probl\u00e8mes de type sac \u00e0 dos, 08 Juin 2023,&nbsp;Directeur de th\u00e8se&nbsp;:&nbsp;A\u00cfDER M\u00e9ziane.<\/em><\/li>\n\n\n\n<li class=\"has-normal-font-size\"><em>BOKHARI Samira :&nbsp;M\u00e9taheuristiques sous incertitudes :&nbsp;Cas de la Cybersecurit\u00e9 de l\u2019internet de toutes choses (IoE) dans un environnement incertain, 06 Mai 2023,&nbsp;Directeur de th\u00e8se&nbsp;:&nbsp;A\u00cfDER M\u00e9ziane.<\/em><\/li>\n\n\n\n<li class=\"has-normal-font-size\"><em>IKHLEF Massika :&nbsp;M\u00e9taheuristiques \u00e9volutionnaires multiobjectifs et keur utilisation en finance, 29 Avril 2023,&nbsp;Directeur de th\u00e8se&nbsp;:&nbsp;A\u00cfDER M\u00e9ziane.<\/em><\/li>\n\n\n\n<li class=\"has-normal-font-size\">GUERROUMA Amina: Le Probl\u00e8me de Sac \u00e0 Dos Quadratique Stochastique Multiobjectif, 02 Mars 2023,&nbsp;Directeur de th\u00e8se&nbsp;:&nbsp;A\u00cfDER M\u00e9ziane.<\/li>\n\n\n\n<li class=\"has-normal-font-size\"><em>BAATOUT Fatma Zohra:&nbsp;Ordonnancement multi-objectif de t\u00e2ches multiprocesseur sur deux&nbsp;processeurs d\u00e9di\u00e9s : r\u00e9solution heuristique multi-objective,&nbsp;&nbsp;15 Octobre&nbsp;2022, Directeur de th\u00e8se&nbsp;:&nbsp;A\u00cfDER M\u00e9ziane (USTHB, Alger), co-Directeur de th\u00e8se : HIFI Mhand (UPJV-Amiens, France) ;<\/em><\/li>\n\n\n\n<li class=\"has-normal-font-size\"><em>FALI Fatima: Optimisation multi-objectif non lin\u00e9aire biniveaux.\u00a015 Octobre\u00a02022, Directeur de th\u00e8se<\/em>\u00a0<em>:\u00a0MOULA\u00cf Mustapha\u00a0(USTHB, Alger) ;<\/em><\/li>\n\n\n\n<li class=\"has-normal-font-size\"><em>SKOUDARLI Asma :&nbsp;M\u00e9taheuristiques et optimisation combinatoire multi-objectif avec des donn\u00e9es incertaines,&nbsp;12 juillet 2022, Directeur de th\u00e8se :&nbsp;A\u00cfDER M\u00e9ziane (USTHB, Alger) ;<\/em><\/li>\n\n\n\n<li class=\"has-normal-font-size\"><em>ISSAADI Hayat : Sur quelques classes de graphes et probl\u00e8me de coloration, 31 Mars 2022,&nbsp; Directeur de th\u00e8se&nbsp;: AIT HADDADENE Hac\u00e8ne (USTHB, Alger), co-Directeur de th\u00e8se&nbsp;: KHEDDOUCI Hamamache (U-Lyon 1, France).<\/em><\/li>\n\n\n\n<li class=\"has-normal-font-size\"><em>MAACHOU Nacera : Une contribution \u00e0 la r\u00e9solution des probl\u00e8mes de programmation non lin\u00e9aire \u00e0 deux niveaux, 24 Mars 2022,&nbsp;Directeur de th\u00e8se&nbsp;:&nbsp;MOULA\u00cf Mustapha&nbsp;(USTHB, Alger) ;&nbsp;<\/em><\/li>\n\n\n\n<li class=\"has-normal-font-size\"><em>GACEM Oussama : R\u00e9solution Heuristique du Probl\u00e8me de&nbsp;Multi-Knapsack Quadratique BiObjectifs: approches diversifiantes&nbsp;, 17 F\u00e9vrier 2022,&nbsp;Directeur de th\u00e8se&nbsp;:&nbsp;A\u00cfDER M\u00e9ziane (USTHB, Alger), co-Directeur de th\u00e8se : HIFI Mhand (UPJV-Amiens, France) ;<\/em><\/li>\n\n\n\n<li class=\"has-normal-font-size\"><em>CHAIBLAINE Yacine: Optimisation non lin\u00e9aire sur l\u2019ensemble efficient d\u2019un probl\u00e8me vectoriel non lin\u00e9aire, 17 F\u00e9vrier 2022,&nbsp;Directeur de th\u00e8se&nbsp;:&nbsp;MOULA\u00cf Mustapha&nbsp;(USTHB, Alger)&nbsp;;<\/em><\/li>\n\n\n\n<li class=\"has-normal-font-size\"><em>YOUNSI-ABBACI Leila&nbsp;: Optimisation sur l\u2019ensemble efficient d\u2019un probl\u00e8me multi-objectif objectifs stochastique discret, 02 D\u00e9cembre 2021,&nbsp;Directeur de th\u00e8se&nbsp;:&nbsp;MOULA\u00cf Mustapha&nbsp;(USTHB, Alger)&nbsp;;<\/em><\/li>\n\n\n\n<li class=\"has-normal-font-size\"><em>GHAZLI Kahina : Approche post-optimale d\u2019un probl\u00e8me multi-objectif, 18 Novembre 2021,&nbsp;Directeur de th\u00e8se&nbsp;:&nbsp;MOULA\u00cf Mustapha&nbsp;(USTHB, Alger)&nbsp;;<\/em><\/li>\n\n\n\n<li class=\"has-normal-font-size\"><em>SIFAOUI Thiziri :&nbsp;R\u00e9solution du probl\u00e8me de type transport&nbsp;multi-objectifs dans un environnement incertain, 06 Novembre 2021, UMM-Tizi-Ouou,&nbsp;Directeur de th\u00e8se :&nbsp;A\u00cfDER M\u00e9ziane (USTHB, Alger), co-Directeur de th\u00e8se : CORONA Carlos Cruze (Universit\u00e9 de Grenade, Espagne)&nbsp;;<\/em><\/li>\n\n\n\n<li class=\"has-normal-font-size\"><em>CHERFAOUI Yasmine : Optimisation d&#8217;un programme &#8220;Lin\u00e9aire plus Lin\u00e9aire Fractionnaire&#8221; Discret \u00e0 Objectif Multiple, 03 D\u00e9cembre 2020,&nbsp;Directeur de th\u00e8se&nbsp;: MOULA\u00cf Mustapha (USTHB, Alger) ;<\/em><\/li>\n\n\n\n<li class=\"has-normal-font-size\"><em>AOUDIA Lamia : Connectivt\u00e9 de quelues poly\u00e8dres combinatoires, USTHB, Alger, 15 F\u00e9vrier 2020, Directeur de th\u00e8se&nbsp;: A\u00cfDER M\u00e9ziane (USTHB, Alger), co-Directeur de Th\u00e8se&nbsp;: NGUYEN Viet Hung (Universit\u00e9 d\u2019Auvergne, France)<\/em> ;<\/li>\n\n\n\n<li class=\"has-normal-font-size\"><em>MEKHILEF Amal : Optimisation multi-objectif fractionnaire quadratique en nombres entiers, USTHB, Alger, 16 Janvier 2020, Directeur de th\u00e8se&nbsp;: MOULA\u00cf Mustapha (USTHB, Alger) ;<\/em><\/li>\n\n\n\n<li class=\"has-normal-font-size\"><em>DJEDDI&nbsp; Youcef&nbsp;: Algorithmes du Probl\u00e8me de la Clique Maximum de Graphes et Applications aux r\u00e9seaux biologiques, USTHB, Alger, 25 &nbsp;Septembre 2019, Directeur de th\u00e8se&nbsp;: AIT HADDADENE Hac\u00e8ne (USTHB, Alger), co-Directeur de th\u00e8se&nbsp;: BELACEL Nabil (CNRC,Ottawa, Canada)&nbsp;;<\/em><\/li>\n\n\n\n<li class=\"has-normal-font-size\"><em>DRICI Wassila : L\u2019optimisation sur l\u2019ensemble efficient d\u2019un probl\u00e8me vectoriel non lin\u00e9aire, USTHB, Alger, 14 Septembre 2019, Directeur de th\u00e8se&nbsp;: MOULA\u00cf Mustapha (USTHB, Alger);&nbsp;&nbsp;<a href=\"https:\/\/www.ccdz.cerist.dz\/admin\/notice.php?id=00000000000000701117000104&amp;pub=1\">https:\/\/www.ccdz.cerist.dz\/admin\/notice.php?id=00000000000000701117000104&amp;pub=1<\/a><\/em><\/li>\n\n\n\n<li class=\"has-normal-font-size\"><em>BEZOUI Madani : Contribution de la programmation multiobjectif dans l\u2019optimisation des portefeuilles, USTHB, Alger, 28 Septembre 2019, Directeur de th\u00e8se MOULA\u00cf Mustapha (USTHB, Alger), \u00e0 l\u2019USTHB, Alger;&nbsp;<a href=\"https:\/\/www.ccdz.cerist.dz\/admin\/notice.php?id=00000000000000954655000104&amp;pub=1\">https:\/\/www.ccdz.cerist.dz\/admin\/notice.php?id=00000000000000954655000104&amp;pub=1<\/a><\/em><\/li>\n\n\n\n<li class=\"has-normal-font-size\"><em>ASLI Larbi : Les ench\u00e8res combinatoires multiobjectifs dynamiques, USTHB, Alger, 04 Mai 2019, Directeur de th\u00e8se&nbsp;: A\u00cfDER M\u00e9ziane (USTHB, Alger)<\/em> ;<\/li>\n\n\n\n<li class=\"has-normal-font-size\"><em>AHMIA Ibtissam : Une nouvelle m\u00e9taheuristique pour les probl\u00e8mes d\u2019optimisation combinatoire: La Monarchie M\u00e9taheuristique, USTHB, Alger, 27 Avril 2019, , Directeur de th\u00e8se&nbsp;: A\u00cfDER M\u00e9ziane (USTHB, Alger)<\/em> ;<\/li>\n\n\n\n<li class=\"has-normal-font-size\"><em>AMROUCHE Salima&nbsp;: Optimisation Stochastique Multi-Objectif, USTHB, Alger, 04 Juin 2018, Directeur de th\u00e8se&nbsp;: MOULA\u00cf Mustapha (USTHB, Alger)&nbsp;; <a href=\"https:\/\/www.ccdz.cerist.dz\/admin\/notice.php?id=00000000000000903609000104\">https:\/\/www.ccdz.cerist.dz\/admin\/notice.php?id=00000000000000903609000104<\/a><\/em><\/li>\n\n\n\n<li class=\"has-normal-font-size\"><em>OUAIL Fatma Zohra&nbsp;: Optimisation Vectorielle discr\u00e8te en Avenir Certain, USTHB-Alger, 05 Mai 2018, Directeur de th\u00e8se&nbsp;: MOULA\u00cf Mustapha (Directeur de Th\u00e8se, USTHB, Alger), co-Directeur de th\u00e8se&nbsp;: CHERGUI Mohamed El Amine (USTHB-Alger)&nbsp;;<a href=\"https:\/\/www.ccdz.cerist.dz\/admin\/notice.php?id=00000000000000869527000104\">https:\/\/www.ccdz.cerist.dz\/admin\/notice.php?id=00000000000000869527000104<\/a><\/em><\/li>\n\n\n\n<li class=\"has-normal-font-size\"><em>KOUIDER Ahmed&nbsp;: Coloration de Graphes et ses applications aux Probl\u00e8mes d\u2019Ordonnancement, USTHB-Alger, 17 Mars 2018, Directeur de Th\u00e8se : A\u00cfT HADDADENE Hac\u00e8ne (USTHB, Alger), Co-Directeur&nbsp;de Th\u00e8se : OULAMARA Ammar (Universit\u00e9 de Lorraine, France)&nbsp;;<\/em><\/li>\n\n\n\n<li class=\"has-normal-font-size\"><em>YAGOUNI Mohammed&nbsp;: Contribution \u00e0 la r\u00e9solution des probl\u00e8mes complexes de l\u2019optimisation combinatoire, USTHB-Alger, 01 Juillet 2017, Directeur de Th\u00e8se : A\u00cfT HADDADENE Hac\u00e8ne (USTHB, Alger),&nbsp;Co-Directrice de Th\u00e8se : Hoai An Le Thi (Universit\u00e9 de Lorraine, France)&nbsp;;<\/em><\/li>\n\n\n\n<li class=\"has-normal-font-size\"><em>GUEHAM Assia&nbsp;: Techniques de coloration et de g\u00e9n\u00e9ration de colonnes, Applications \u00e0 la confection d\u2019horaires, USTHB-Alger, 13 Mai 2017, Directeur de Th\u00e8se : A\u00cfT HADDADENE Hac\u00e8ne (USTHB, Alger),&nbsp;Co-Directeur de Th\u00e8se : NAGIH Anass (Universit\u00e9 de Lorraine, France)&nbsp;;<\/em><\/li>\n\n\n\n<li class=\"has-normal-font-size\"><em>BOUZID Cherif Mouaouia&nbsp;: Contribution \u00e0 la r\u00e9solution de quelques probl\u00e8mes de distribution, USTHB-Alger, 15 Janvier 2017, Directeur de Th\u00e8se : A\u00cfT HADDADENE Hac\u00e8ne (USTHB, Alger),&nbsp;Co-Directeur&nbsp;de Th\u00e8se : SALHI Said (Universit\u00e9 de Canterbury, KBS, UK)&nbsp;;<\/em><\/li>\n\n\n\n<li class=\"has-normal-font-size\"><em>ZAMIME Mohamed&nbsp;: Contribution \u00e0 l\u2019\u00e9tude des probl\u00e8mes de la b-coloration dans les graphes, USTHB, Alger, 13 D\u00e9cembre 2015, Directeur de Th\u00e8se : A\u00cfT HADDADENE Hac\u00e8ne (USTHB, Alger)&nbsp;;<\/em><\/li>\n\n\n\n<li class=\"has-normal-font-size\"><em>SLIMANI Souad&nbsp;: Identi\ufb01cation et automorphismes de graphes, USTHB, Alger, 07 Juin&nbsp;2015, Directeur de th\u00e8se&nbsp;: A\u00cfDER M\u00e9ziane (USTHB, Alger), &nbsp;Co-Directeur de Th\u00e8se : GRAVIER Sylvain (UJF-Grenoble, France) ;<\/em><\/li>\n\n\n\n<li class=\"has-normal-font-size\"><em>BOUTICHE Mohamed Amine&nbsp;: Techniques de D\u00e9compositions de graphes appliqu\u00e9es au probl\u00e8me de routage, USTHB-Alger, 12 D\u00e9cembre 2013, Directeur de th\u00e8se&nbsp;: A\u00cfT HADDADENE Hac\u00e8ne (USTHB, Alger),&nbsp;Co-Directrice de Th\u00e8se : LE THI Hoai An (Universit\u00e9 de Lorraine, France)&nbsp;;<\/em><\/li>\n\n\n\n<li class=\"has-normal-font-size\"><em>BOUARAB Ouiza&nbsp;: L\u2019optimisation non lin\u00e9aire multiobjectif, UMM-Tizi-Ouzou, 28 f\u00e9vrier 2013,&nbsp;Directeur de th\u00e8se&nbsp;: MOULA\u00cf Mustapha (USTHB-Alger)&nbsp;; <a href=\"https:\/\/www.ccdz.cerist.dz\/admin\/notice.php?id=00000000000000869527000104\">https:\/\/www.ccdz.cerist.dz\/admin\/notice.php?id=00000000000000869527000104<\/a><\/em><\/li>\n\n\n\n<li class=\"has-normal-font-size\"><em>MECHEBBEK Meriem&nbsp;: Etude structurelle de quelques classes de graphes, USTHB-Alger, 21 F\u00e9vrier 2013, Directeur de th\u00e8se&nbsp;:&nbsp;A\u00cfT HADDADENE Hac\u00e8ne (USTHB-Alger)&nbsp;;<\/em><\/li>\n\n\n\n<li class=\"has-normal-font-size\"><em>ADICHE Chahrazad&nbsp;: Approches d\u00e9terministes et stochastiques de r\u00e9solution de probl\u00e8mes d\u2019optimisation, USTHB-Alger, 15 D\u00e9cembre 2009, Directeur de th\u00e8se&nbsp;: A\u00cfDER M\u00e9ziane (USTHB, Alger)&nbsp;;<\/em><\/li>\n\n\n\n<li class=\"has-normal-font-size\"><em>MESLEM Kahina&nbsp;: Pr\u00e9servation de la distance dans les graphes, USTHB, 14 D\u00e9cembre 2008, Directeur de th\u00e8se&nbsp;: A\u00cfDER M\u00e9ziane (USTHB, Alger), &nbsp;Co-Directeur de Th\u00e8se : GRAVIER Sylvain (UJF-Grenoble, France).<\/em><\/li>\n<\/ol>\n<\/blockquote>\n","protected":false},"excerpt":{"rendered":"<p>HABILITATIONS UNIVERSITAIRES DOCTORATS SOUTENUS<\/p>\n","protected":false},"author":1,"featured_media":0,"parent":0,"menu_order":0,"comment_status":"closed","ping_status":"closed","template":"","meta":{"footnotes":""},"class_list":["post-13","page","type-page","status-publish","hentry"],"_links":{"self":[{"href":"https:\/\/laromad.usthb.dz\/index.php\/wp-json\/wp\/v2\/pages\/13","targetHints":{"allow":["GET"]}}],"collection":[{"href":"https:\/\/laromad.usthb.dz\/index.php\/wp-json\/wp\/v2\/pages"}],"about":[{"href":"https:\/\/laromad.usthb.dz\/index.php\/wp-json\/wp\/v2\/types\/page"}],"author":[{"embeddable":true,"href":"https:\/\/laromad.usthb.dz\/index.php\/wp-json\/wp\/v2\/users\/1"}],"replies":[{"embeddable":true,"href":"https:\/\/laromad.usthb.dz\/index.php\/wp-json\/wp\/v2\/comments?post=13"}],"version-history":[{"count":21,"href":"https:\/\/laromad.usthb.dz\/index.php\/wp-json\/wp\/v2\/pages\/13\/revisions"}],"predecessor-version":[{"id":662,"href":"https:\/\/laromad.usthb.dz\/index.php\/wp-json\/wp\/v2\/pages\/13\/revisions\/662"}],"wp:attachment":[{"href":"https:\/\/laromad.usthb.dz\/index.php\/wp-json\/wp\/v2\/media?parent=13"}],"curies":[{"name":"wp","href":"https:\/\/api.w.org\/{rel}","templated":true}]}}