{"id":14,"date":"2023-05-23T10:02:09","date_gmt":"2023-05-23T10:02:09","guid":{"rendered":"http:\/\/193.194.89.179\/wp_laromad\/?page_id=14"},"modified":"2024-10-08T10:49:23","modified_gmt":"2024-10-08T10:49:23","slug":"caromad","status":"publish","type":"page","link":"https:\/\/laromad.usthb.dz\/index.php\/caromad\/","title":{"rendered":"CaROMaD"},"content":{"rendered":"\n<p>\u200b<\/p>\n\n\n\n<div class=\"wp-block-media-text is-stacked-on-mobile has-background\" style=\"background:linear-gradient(135deg,rgb(74,234,220) 48%,rgb(151,120,209) 56%,rgb(207,42,186) 74%,rgb(238,44,130) 80%,rgb(251,105,98) 86%,rgb(254,248,76) 100%)\"><figure class=\"wp-block-media-text__media\"><img loading=\"lazy\" decoding=\"async\" width=\"281\" height=\"160\" src=\"https:\/\/laromad.usthb.dz\/wp-content\/uploads\/2024\/10\/maphoto_5.png\" alt=\"\" class=\"wp-image-492 size-full\"\/><\/figure><div class=\"wp-block-media-text__content\">\n<h2 class=\"wp-block-heading\"><strong>CaROMaD &#8211; Cahiers de Recherche Op\u00e9rationnelle et Math\u00e9matiques de la D\u00e9cision<\/strong><img loading=\"lazy\" decoding=\"async\" height=\"15\" width=\"15\" src=\"blob:http:\/\/193.194.89.179\/9d6a5dd8-cf28-4432-88d0-a9d7996f34db\">\u200b<\/h2>\n<\/div><\/div>\n\n\n\n<h3 class=\"wp-block-heading has-blush-light-purple-gradient-background has-background\"><strong>A. PRESENTATION<\/strong><\/h3>\n\n\n\n<blockquote class=\"wp-block-quote is-layout-flow wp-block-quote-is-layout-flow\">\n<p>Les \u201cCahiers de Recherche Op\u00e9rationnelle et Math\u00e9matiques de la D\u00e9cision\u201d (CaROMaD) sont une publication du laboratoire LaROMaD. Leur but est d\u2019\u00e9diter des travaux de recherche autour des th\u00e8mes d\u00e9velopp\u00e9s par LaROMaD, et leur objectif est d\u2019am\u00e9liorer, de promouvoir et d\u2019accro\u00eetre la visibilit\u00e9 de la production scientifique des membres de LaROMaD. Le statut d\u2019un article de CaROMaD est celui d\u2019une pr\u00e9publication, c\u2019est \u00e0 dire un manuscrit, en attente \u00e9ventuellement de publication, qui a \u00e9t\u00e9 examin\u00e9 et accept\u00e9 par des pairs. Cela peut inclure des manuscrits qui seront publi\u00e9s dans une revue et des manuscrits dont le contenu sera pr\u00e9sent\u00e9 \u00e0 une conf\u00e9rence. Ceci peut \u00e9galement inclure des manuscrits qui ne seront jamais valoris\u00e9s autrement. Par cons\u00e9quent, la responsabilit\u00e9 finale des pr\u00e9publications incombe exclusivement \u00e0 leurs auteurs. En soumettant un article \u00e0 CaROMaD, les auteurs autorisent sa reproduction, sa distribution et sa citation.<\/p>\n<\/blockquote>\n\n\n\n<h3 class=\"wp-block-heading has-blush-light-purple-gradient-background has-background\"><strong>B. COMITE DE REDACTION<\/strong><\/h3>\n\n\n\n<blockquote class=\"wp-block-quote is-layout-flow wp-block-quote-is-layout-flow\">\n<p>Le comit\u00e9 de r\u00e9daction de CaROMaD est compos\u00e9 de tous les directeurs et co-directeurs des th\u00e8ses de doctorat qui ont \u00e9t\u00e9 r\u00e9alis\u00e9es ou sont en cours de pr\u00e9paration au LaROMaD.<\/p>\n\n\n\n<ul class=\"wp-block-list\">\n<li>A\u00efder M\u00e9ziane, USTHB, Alg\u00e9rie, \u00e9diteur en chef<\/li>\n\n\n\n<li>A\u00eft Haddad\u00e8ne Hac\u00e8ne, USTHB, Alg\u00e9rie,<\/li>\n\n\n\n<li>Belacel Nabil, U.Moncton, Canada,<\/li>\n\n\n\n<li>Hifi M\u2019Hand, UPJV-Amiens, France,<\/li>\n\n\n\n<li>Kacem Imad, U. Loraine, France,<\/li>\n\n\n\n<li>Kheddouci Hamamache, U.Lyon 1, France,<\/li>\n\n\n\n<li>Khelladi Abdelkader, USTHB, Alg\u00e9rie,<\/li>\n\n\n\n<li>Moula\u00ef Mustapha, USTHB, Alg\u00e9rie,<\/li>\n\n\n\n<li>Oulamara Ammar, U. Loraine, France,<\/li>\n\n\n\n<li>Salhi Sa\u00efd, U.Kent, Grande Bretagne,<\/li>\n\n\n\n<li>Semri Ahmed, USTHB, Alg\u00e9rie.<\/li>\n<\/ul>\n<\/blockquote>\n\n\n\n<h3 class=\"wp-block-heading has-blush-light-purple-gradient-background has-background\"><strong>C. SOUMISSION<\/strong><\/h3>\n\n\n\n<blockquote class=\"wp-block-quote is-layout-flow wp-block-quote-is-layout-flow\">\n<p>Les membres de LaROMaD, les autres coll\u00e8gues et les doctorants en recherche op\u00e9rationnelle ou en math\u00e9matiques de la d\u00e9cision qui souhaitent publier leurs travaux dans CaROMaD sont invit\u00e9s \u00e0 soumettre leurs manuscrits, en anglais, \u00e0 un membre du comit\u00e9 de r\u00e9daction dont le r\u00f4le n\u2019est pas celui d\u2019un arbitre. Celui-ci ne garantit pas la v\u00e9racit\u00e9 des r\u00e9sultats figurant dans le document, ni leur originalit\u00e9. Il garantit que le manuscrit est correctement r\u00e9dig\u00e9, son contenu est de bonne foi et s\u2019inscrit dans l\u2019un des th\u00e8mes du laboratoire LaROMaD. Les soumissions doivent contenir \u00e0 la fois le fichier complet en format pdf et le fichier Latex (avec tous les fichiers associ\u00e9s). Le mod\u00e8le de pr\u00e9sentation LaTeX des CaROMaD doit imp\u00e9rativement \u00eatre utilis\u00e9.<\/p>\n\n\n\n<p>Le document doit \u00eatre pr\u00e9sent\u00e9 conform\u00e9ment au style de CaROMaD qui peut \u00eatre t\u00e9l\u00e9charg\u00e9 (<a href=\"https:\/\/laromad.usthb.dz\/sites\/default\/files\/2021-11\/Read-me.txt\"><strong>read-me<\/strong><\/a>, <a href=\"https:\/\/laromad.usthb.dz\/sites\/default\/files\/2021-11\/Template.txt\"><strong>template<\/strong><\/a>, <a href=\"https:\/\/laromad.usthb.dz\/sites\/default\/files\/2021-11\/caromad.txt\"><strong>style<\/strong><\/a>, and <strong>logo<\/strong>). La premi\u00e8re page ne doit contenir que le titre de l\u2019article, les noms, affiliations, adresses et courriels des auteurs, les r\u00e9sum\u00e9s (suffisamment \u00e9tendus) et les mots cl\u00e9s en anglais et en fran\u00e7ais ainsi que la classification AMS 2010 du papier. Les auteurs sont pri\u00e9s de respecter la longueur de cette partie de leur article qui doit enti\u00e8rement s\u2019ins\u00e9rer dans la premi\u00e8re page.<\/p>\n<\/blockquote>\n\n\n\n<h3 class=\"wp-block-heading has-background\" style=\"background:linear-gradient(135deg,rgb(255,203,112) 0%,rgb(199,81,192) 87%,rgb(65,88,208) 100%)\"><strong>CONTACT<\/strong><\/h3>\n\n\n\n<blockquote class=\"wp-block-quote is-layout-flow wp-block-quote-is-layout-flow\">\n<p>caromad.usthb@gmail.com<\/p>\n<\/blockquote>\n\n\n\n<h3 class=\"wp-block-heading has-background\" style=\"background:linear-gradient(135deg,rgb(255,203,112) 0%,rgb(199,81,192) 88%,rgb(65,88,208) 100%)\"><strong>CaROMaD, Vol. 1 (2016)<\/strong> <a href=\"https:\/\/www.laromad.usthb.dz\/sites\/default\/files\/2020-11\/CaROMaD-1-2016.pdf\"><strong>T\u00e9l\u00e9charger le volume 1<\/strong><\/a><\/h3>\n\n\n\n<blockquote class=\"wp-block-quote is-layout-flow wp-block-quote-is-layout-flow\">\n<ul class=\"wp-block-list\">\n<li>Asma Skoudarli, M\u00e9ziane A\u00efder, El-Ghazali Talbi, Local Search for Multiobjective Vehicle Routing with Uncertain Demands, CaROMaD, Vol. 1 (2016)&nbsp;: 1-17.&nbsp;<a href=\"https:\/\/www.laromad.usthb.dz\/sites\/default\/files\/2020-11\/Caromad_1_2016_1-17.pdf\"><strong>T\u00e9l\u00e9charger l\u2019article<\/strong><\/a><\/li>\n\n\n\n<li>Sylvain Gravier, Kahina Meslem, Souad Slimani, Distinguishing Number of some Circulant Graphs, CaROMaD, Vol. 1 (2016)&nbsp;: 19-28. <a href=\"https:\/\/www.laromad.usthb.dz\/sites\/default\/files\/2020-11\/Caromad_1-2016_19-28.pdf\"><strong>T\u00e9l\u00e9charger l\u2019article<\/strong><\/a><\/li>\n\n\n\n<li>Chahrazad Adiche, M\u00e9ziane A\u00efder, Branch and Bound method for Multi-Objective Multi-Item Multi-Unit Combinatorial Auctions, CaROMaD, Vol. 1 (2016)&nbsp;: 29-37. <a href=\"https:\/\/www.laromad.usthb.dz\/sites\/default\/files\/2020-11\/Caromad_1_2016_29-37.pdf\"><strong>T\u00e9l\u00e9charger l\u2019article<\/strong><\/a><\/li>\n\n\n\n<li>Abdelhak Mezghiche, Ouiza Zerdani, Mustapha Moula\u00ef, Optimizing a nonlinear function in multi-objective integer fractional Programming, CaROMaD, Vol. 1 (2016)&nbsp;: 39-52. <a href=\"https:\/\/www.laromad.usthb.dz\/sites\/default\/files\/2020-11\/Caromad_1_2016_39-52.pdf\"><strong>T\u00e9l\u00e9charger l\u2019article<\/strong><\/a><\/li>\n\n\n\n<li>Anissa Hissoum, Ahmed Semri, Identifying codes of Cartesian product of two cliques, CaROMaD, Vol. 1 (2016)&nbsp;: 53-61. <a href=\"https:\/\/www.laromad.usthb.dz\/sites\/default\/files\/2020-11\/Caromad_1_2016_53-61.pdf\"><strong>T\u00e9l\u00e9charger l\u2019article<\/strong><\/a><\/li>\n<\/ul>\n<\/blockquote>\n\n\n\n<h3 class=\"wp-block-heading has-background\" style=\"background:linear-gradient(135deg,rgb(255,203,112) 0%,rgb(199,81,192) 87%,rgb(65,88,208) 100%)\"><strong>CaROMaD, Vol. 2 (2017)<\/strong> <a href=\"http:\/\/www.laromad.usthb.dz\/IMG\/pdf\/caromad_2_2017 .pdf\"><strong>T\u00e9l\u00e9charger le volume 2<\/strong><\/a><\/h3>\n\n\n\n<blockquote class=\"wp-block-quote is-layout-flow wp-block-quote-is-layout-flow\">\n<ul class=\"wp-block-list\">\n<li>Ibtissam Ahmia, Asma Skoudarli, The Traveling Salesman Problem&nbsp;: An Overview of Applications, Formulations, Exact and Approximate Algorithms, CaROMaD, Vol. 2 (2017)&nbsp;: 8-21.<a href=\"https:\/\/laromad.usthb.dz\/sites\/default\/files\/2020-12\/Caromad_2_2017_8-21_2.pdf\"><strong>T\u00e9l\u00e9charger l\u2019article<\/strong><\/a><\/li>\n\n\n\n<li>Lamia Aoudia, M\u00e9ziane A\u00efder, Viet Han Nguyen, Star forest&nbsp;: Linear time algorithm and extended formulation, CaROMaD, Vol. 2 (2017)&nbsp;: 22-34.<a href=\"https:\/\/laromad.usthb.dz\/sites\/default\/files\/2020-12\/Caromad_2_2017_22-34_0.pdf\"><strong>T\u00e9l\u00e9charger l\u2019article<\/strong><\/a><\/li>\n<\/ul>\n<\/blockquote>\n\n\n\n<h3 class=\"wp-block-heading has-background\" style=\"background:linear-gradient(135deg,rgb(255,203,112) 0%,rgb(199,81,192) 89%,rgb(65,88,208) 100%)\"><strong>CaROMaD, Vol. 3 (2018)<\/strong> <a href=\"http:\/\/www.laromad.usthb.dz\/IMG\/pdf\/caromad_3_2018 .pdf\"><strong>T\u00e9l\u00e9charger le volume 3<\/strong><\/a><\/h3>\n\n\n\n<blockquote class=\"wp-block-quote is-layout-flow wp-block-quote-is-layout-flow\">\n<ul class=\"wp-block-list\">\n<li>Pierre Coupechoux, Julien Moncel, Ahmed Semri, Hillal Touati, Identification of a tournament vertices, CaROMaD, Vol. 03 (2018)&nbsp;: 1-7.&nbsp;<a href=\"http:\/\/www.laromad.usthb.dz\/IMG\/pdf\/caromad_3_2018_1-7.pdf\"><strong>T\u00e9l\u00e9charger l\u2019article<\/strong><\/a><\/li>\n\n\n\n<li>Asdma Skoudarli, Ibtissam Ahmia, A Survey on the Vehicle Routing Problem, CaROMaD, Vol. 03 (2018)&nbsp;: 8-25.&nbsp;<a href=\"http:\/\/www.laromad.usthb.dz\/IMG\/pdf\/caromad_3_2018_8-25.pdf\"><strong>T\u00e9l\u00e9charger l\u2019article<\/strong><\/a><\/li>\n<\/ul>\n<\/blockquote>\n\n\n\n<p class=\"has-background\" style=\"background:linear-gradient(135deg,rgb(255,203,112) 0%,rgb(199,81,192) 90%,rgb(65,88,208) 100%)\">&nbsp;<strong>CaROMaD, Vol. 4 (2019)<\/strong>&nbsp;<strong>T\u00e9l\u00e9charger le volume 4<\/strong><\/p>\n\n\n\n<h3 class=\"wp-block-heading has-background\" style=\"background:linear-gradient(135deg,rgb(255,203,112) 0%,rgb(199,81,192) 92%,rgb(65,88,208) 100%)\"><strong>CaROMaD, Vol. 5 (2020)<\/strong> <strong>T\u00e9l\u00e9charger le volume 5<\/strong><\/h3>\n\n\n\n<blockquote class=\"wp-block-quote is-layout-flow wp-block-quote-is-layout-flow\">\n<ul class=\"wp-block-list\">\n<li>Sylvain Gravier, Simon Schmidt, Souad Slimani, Vertex- Identification on Graphs with Twins, CaROMaD, Vol. 05 (2020)&nbsp;: 1-5.&nbsp;<a href=\"https:\/\/laromad.usthb.dz\/sites\/default\/files\/2020-11\/CaROMaD_5_2020_1-5.pdf\"><strong>T\u00e9l\u00e9charger l\u2019article<\/strong><\/a><\/li>\n\n\n\n<li>Asma Skoudarli, M\u00e9ziane A\u00efder, An Evolutionary Algorithm for the Bi-Objective Vehicle Routing Problem, CaROMaD, Vol. 05 (2020) : 6-13.&nbsp;<a href=\"https:\/\/laromad.usthb.dz\/sites\/default\/files\/2020-12\/Caromad_5_2020_7-13..pdf\"><strong>T\u00e9l\u00e9charger l\u2019article<\/strong><\/a><\/li>\n<\/ul>\n<\/blockquote>\n\n\n\n<p>\u200b<\/p>\n","protected":false},"excerpt":{"rendered":"<p>\u200b CaROMaD &#8211; Cahiers de Recherche Op\u00e9rationnelle et Math\u00e9matiques de la D\u00e9cision\u200b A. PRESENTATION Les \u201cCahiers de Recherche Op\u00e9rationnelle et Math\u00e9matiques de la D\u00e9cision\u201d (CaROMaD) sont une publication du laboratoire LaROMaD. Leur but est d\u2019\u00e9diter des travaux de recherche autour <span class=\"readmore\"><a href=\"https:\/\/laromad.usthb.dz\/index.php\/caromad\/\">Continue Reading<\/a><\/span><\/p>\n","protected":false},"author":1,"featured_media":0,"parent":0,"menu_order":0,"comment_status":"closed","ping_status":"closed","template":"","meta":{"footnotes":""},"class_list":["post-14","page","type-page","status-publish","hentry"],"_links":{"self":[{"href":"https:\/\/laromad.usthb.dz\/index.php\/wp-json\/wp\/v2\/pages\/14","targetHints":{"allow":["GET"]}}],"collection":[{"href":"https:\/\/laromad.usthb.dz\/index.php\/wp-json\/wp\/v2\/pages"}],"about":[{"href":"https:\/\/laromad.usthb.dz\/index.php\/wp-json\/wp\/v2\/types\/page"}],"author":[{"embeddable":true,"href":"https:\/\/laromad.usthb.dz\/index.php\/wp-json\/wp\/v2\/users\/1"}],"replies":[{"embeddable":true,"href":"https:\/\/laromad.usthb.dz\/index.php\/wp-json\/wp\/v2\/comments?post=14"}],"version-history":[{"count":10,"href":"https:\/\/laromad.usthb.dz\/index.php\/wp-json\/wp\/v2\/pages\/14\/revisions"}],"predecessor-version":[{"id":494,"href":"https:\/\/laromad.usthb.dz\/index.php\/wp-json\/wp\/v2\/pages\/14\/revisions\/494"}],"wp:attachment":[{"href":"https:\/\/laromad.usthb.dz\/index.php\/wp-json\/wp\/v2\/media?parent=14"}],"curies":[{"name":"wp","href":"https:\/\/api.w.org\/{rel}","templated":true}]}}