{"id":16,"date":"2023-05-23T10:02:09","date_gmt":"2023-05-23T10:02:09","guid":{"rendered":"http:\/\/193.194.89.179\/wp_laromad\/?page_id=16"},"modified":"2024-10-08T11:17:55","modified_gmt":"2024-10-08T11:17:55","slug":"contact","status":"publish","type":"page","link":"https:\/\/laromad.usthb.dz\/index.php\/contact\/","title":{"rendered":"Contact"},"content":{"rendered":"\n<div class=\"wp-block-group has-pale-ocean-gradient-background has-background\"><div class=\"wp-block-group__inner-container is-layout-constrained wp-block-group-is-layout-constrained\">\n<h3 class=\"wp-block-heading\"><strong>Adresse<\/strong> :LaROMaD, <\/h3>\n\n\n\n<p>D\u00e9partement de Recherche Op\u00e9rationnelle,Facult\u00e9 des Math\u00e9matiques, USTHB,El Alia BP 32 Bab Ezzouar 16111 Alger, Alg\u00e9rie<\/p>\n<\/div><\/div>\n\n\n\n<div class=\"wp-block-group has-pale-ocean-gradient-background has-background\"><div class=\"wp-block-group__inner-container is-layout-constrained wp-block-group-is-layout-constrained\">\n<div class=\"wp-block-group\"><div class=\"wp-block-group__inner-container is-layout-constrained wp-block-group-is-layout-constrained\">\n<h3 class=\"wp-block-heading\"><strong>Email<\/strong><a href=\"mailto:mmoulai@usthb.dz\">:<\/a><a href=\"mailto:mmoulai@usthb.dz\">laromad@usthb.dz<\/a><\/h3>\n<\/div><\/div>\n\n\n\n<p><strong>Tel :+213 (0)661 55 91 56<\/strong><\/p>\n\n\n\n<h3 class=\"wp-block-heading\"><strong>Fax<\/strong> :+213 (0)21 24 79 08<\/h3>\n<\/div><\/div>\n","protected":false},"excerpt":{"rendered":"<p>Adresse :LaROMaD, D\u00e9partement de Recherche Op\u00e9rationnelle,Facult\u00e9 des Math\u00e9matiques, USTHB,El Alia BP 32 Bab Ezzouar 16111 Alger, Alg\u00e9rie Email:laromad@usthb.dz Tel :+213 (0)661 55 91 56 Fax :+213 (0)21 24 79 08<\/p>\n","protected":false},"author":1,"featured_media":0,"parent":0,"menu_order":0,"comment_status":"closed","ping_status":"closed","template":"","meta":{"footnotes":""},"class_list":["post-16","page","type-page","status-publish","hentry"],"_links":{"self":[{"href":"https:\/\/laromad.usthb.dz\/index.php\/wp-json\/wp\/v2\/pages\/16","targetHints":{"allow":["GET"]}}],"collection":[{"href":"https:\/\/laromad.usthb.dz\/index.php\/wp-json\/wp\/v2\/pages"}],"about":[{"href":"https:\/\/laromad.usthb.dz\/index.php\/wp-json\/wp\/v2\/types\/page"}],"author":[{"embeddable":true,"href":"https:\/\/laromad.usthb.dz\/index.php\/wp-json\/wp\/v2\/users\/1"}],"replies":[{"embeddable":true,"href":"https:\/\/laromad.usthb.dz\/index.php\/wp-json\/wp\/v2\/comments?post=16"}],"version-history":[{"count":5,"href":"https:\/\/laromad.usthb.dz\/index.php\/wp-json\/wp\/v2\/pages\/16\/revisions"}],"predecessor-version":[{"id":521,"href":"https:\/\/laromad.usthb.dz\/index.php\/wp-json\/wp\/v2\/pages\/16\/revisions\/521"}],"wp:attachment":[{"href":"https:\/\/laromad.usthb.dz\/index.php\/wp-json\/wp\/v2\/media?parent=16"}],"curies":[{"name":"wp","href":"https:\/\/api.w.org\/{rel}","templated":true}]}}