{"id":52,"date":"2023-05-29T13:10:13","date_gmt":"2023-05-29T13:10:13","guid":{"rendered":"http:\/\/193.194.89.179\/wp_laromad\/?page_id=52"},"modified":"2025-01-15T20:22:38","modified_gmt":"2025-01-15T20:22:38","slug":"equipe-1-mathematiques-discrete-et-optimisation-mdo","status":"publish","type":"page","link":"https:\/\/laromad.usthb.dz\/index.php\/equipe-1-mathematiques-discrete-et-optimisation-mdo\/","title":{"rendered":"Equipe 1 : Math\u00e9matiques Discr\u00e8te et Optimisation MDO"},"content":{"rendered":"\n<div class=\"wp-block-media-text is-stacked-on-mobile has-background\" style=\"background:linear-gradient(135deg,rgb(255,206,236) 47%,rgb(152,150,240) 100%);grid-template-columns:42% auto\"><figure class=\"wp-block-media-text__media\"><img loading=\"lazy\" decoding=\"async\" width=\"198\" height=\"172\" src=\"https:\/\/laromad.usthb.dz\/wp-content\/uploads\/2024\/10\/laromad-3.jpg\" alt=\"\" class=\"wp-image-468 size-full\"\/><\/figure><div class=\"wp-block-media-text__content\">\n<p><strong>Chef de l\u2019\u00e9quipe<\/strong>: <strong><a href=\"http:\/\/perso.usthb.dz\/~maider\/\">A\u00cfDER M\u00e9ziane<\/a><\/strong>\u00a0\u2013 Professeur, USTHB<\/p>\n<\/div><\/div>\n\n\n\n<h4 class=\"wp-block-heading has-luminous-dusk-gradient-background has-background\"><strong>A. OBJECTIFS D\u2019ENSEMBLE<\/strong><\/h4>\n\n\n\n<blockquote class=\"wp-block-quote is-layout-flow wp-block-quote-is-layout-flow\">\n<p><em>La &#8220;Combinatoire&#8221; d\u00e9signe la discipline math\u00e9matique qui s\u2019int\u00e9resse \u00e0 l\u2019\u00e9tude des structures discr\u00e8tes ou finies. Outre l\u2019aspect \u00e9num\u00e9ratif, elle comprend notamment des branches telles que la th\u00e9orie des graphes, la combinatoire \u00e9num\u00e9rative, les probl\u00e8mes de d\u00e9nombrement, la combinatoire poly\u00e9drale, l\u2019optimisation combinatoire et bien d\u2019autres. Toutefois, il y a lieu de noter que les fronti\u00e8res entre les diff\u00e9rentes branches ne sont pas du tout herm\u00e9tiques, celles-ci exprimant davantage des sch\u00e9mas g\u00e9n\u00e9raux d\u2019orientations m\u00e9thodologiques que des caract\u00e9ristiques intrins\u00e8ques exhaustives et exclusives et dans une probl\u00e9matique donn\u00e9e, il est souvent fait usage d\u2019outils relevant de plus de ces branches. Ainsi, l\u2019optimisation combinatoire utilise g\u00e9n\u00e9ralement un graphe comme mod\u00e8le de base et fait appel \u00e0 des techniques de r\u00e9solution aussi bien bas\u00e9es sur des m\u00e9thodes exactes que sur des heuristiques et m\u00e9taheuristiques. En outre, l\u2019optimisation classique a montr\u00e9 ses limites pratiques dans des situations fr\u00e9quentes o\u00f9 plus d\u2019un crit\u00e8re sont \u00e0 optimiser. Une bonne solution pour un crit\u00e8re s\u2019av\u00e8re souvent plut\u00f4t mauvaise pour un autre (lorsque, par exemple, les objectifs sont contradictoires). Et c\u2019est pour, justement, traiter ces situations que des m\u00e9thodes multiobjectif ont \u00e9t\u00e9 d\u00e9velopp\u00e9es.<\/em><\/p>\n<\/blockquote>\n\n\n\n<h4 class=\"wp-block-heading has-luminous-dusk-gradient-background has-background\"><strong>B. FONDEMENTS SCIENTIFIQUES<\/strong><\/h4>\n\n\n\n<blockquote class=\"wp-block-quote is-layout-flow wp-block-quote-is-layout-flow\">\n<p><em>Deux th\u00e8mes de recherche sont d\u00e9velopp\u00e9s aussi bien dans le cadre de la recherche formation (sujets de th\u00e8ses de doctorat que nous encadrons) que dans le cadre de la recherche fondamentale et appliqu\u00e9e. Pour le premier, il s\u2019agit de construire des classes de graphes les plus larges possibles satisfaisant certaines propri\u00e9t\u00e9s inh\u00e9rentes \u00e0 leur utilisation dans des situations concr\u00e8tes de conception de r\u00e9seaux. Un int\u00e9r\u00eat particulier est port\u00e9 au probl\u00e8me de Moore (construction de graphes ayant le plus possible de sommets, pour un degr\u00e9 et un diam\u00e8tre donn\u00e9s) et aux probl\u00e8mes de plongements de graphes. En ce qui concerne le second, il s\u2019agit d\u2019\u00e9laborer des algorithmes (exacts et approch\u00e9s) pour la r\u00e9solution de certains probl\u00e8mes d\u2019optimisation combinatoire mono\u2010objectif et multi\u2010objectif. Nous nous focalisons particuli\u00e8rement sur les probl\u00e8mes de placement, de sac \u00e0 dos et des ench\u00e8res combinatoires et utilisons particuli\u00e8rement les approches poly\u00e9drales, les techniques branch and bound et les m\u00e9taheuristiques.<\/em><\/p>\n<\/blockquote>\n\n\n\n<h4 class=\"wp-block-heading has-luminous-dusk-gradient-background has-background\"><strong>C. MOTS\u2010CL\u00c9S&nbsp;:<\/strong><\/h4>\n\n\n\n<blockquote class=\"wp-block-quote is-layout-flow wp-block-quote-is-layout-flow\">\n<p><em>Probl\u00e8mes m\u00e9triques dans les graphes, Approche poly\u00e9drale, M\u00e9taheuristiques, M\u00e9thodes hybrides, M\u00e9thodes exactes, Optimisation combinatoire, Optimisation multiobjectif.<\/em><\/p>\n<\/blockquote>\n\n\n\n<h4 class=\"wp-block-heading has-luminous-dusk-gradient-background has-background\"><a href=\"http:\/\/193.194.89.179\/wp_laromad\/index.php\/equipe-1-mathematiques-discrete-et-optimisation-mdo\/55-2\/\">D. <\/a><a href=\".\/index.php\/equipe-1-mathematiques-discrete-et-optimisation-mdo-2\/\">EFFECTIF<\/a><\/h4>\n\n\n\n<h3 class=\"wp-block-heading has-luminous-dusk-gradient-background has-background\"><a href=\".\/index.php\/equipe-1-mathematiques-discrete-et-optimisation-mdo\/activites-de-recherche\/\">E. ACTIVITES DE RECHERCHE<\/a><\/h3>\n\n\n\n<h2 class=\"wp-block-heading has-very-light-gray-to-cyan-bluish-gray-gradient-background has-background\">Evenement \u00e0 venir<\/h2>\n\n\n\n<ul class=\"wp-block-list\">\n<li><a href=\".\/index.php\/equipe-1-mathematiques-discrete-et-optimisation-mdo\/conferences-de-recherche-operationnelle\/\">Conf\u00e9rences de Recherche Op\u00e9rationnelle<\/a><\/li>\n<\/ul>\n\n\n\n<h2 class=\"wp-block-heading has-very-light-gray-to-cyan-bluish-gray-gradient-background has-background\">Liens utiles<\/h2>\n\n\n\n<ul class=\"wp-block-list\">\n<li><a href=\"http:\/\/www.mesrs.dz\/\">MESRS<\/a><\/li>\n\n\n\n<li><a href=\"http:\/\/www.dgrsdt.dz\/Fr\/\">DGRSDT<\/a><\/li>\n\n\n\n<li><a href=\"https:\/\/www.usthb.dz\">USTHB<\/a><\/li>\n<\/ul>\n\n\n\n<p><\/p>\n","protected":false},"excerpt":{"rendered":"<p>Chef de l\u2019\u00e9quipe: A\u00cfDER M\u00e9ziane\u00a0\u2013 Professeur, USTHB A. OBJECTIFS D\u2019ENSEMBLE La &#8220;Combinatoire&#8221; d\u00e9signe la discipline math\u00e9matique qui s\u2019int\u00e9resse \u00e0 l\u2019\u00e9tude des structures discr\u00e8tes ou finies. Outre l\u2019aspect \u00e9num\u00e9ratif, elle comprend notamment des branches telles que la th\u00e9orie des graphes, la <span class=\"readmore\"><a href=\"https:\/\/laromad.usthb.dz\/index.php\/equipe-1-mathematiques-discrete-et-optimisation-mdo\/\">Continue Reading<\/a><\/span><\/p>\n","protected":false},"author":1,"featured_media":0,"parent":0,"menu_order":0,"comment_status":"closed","ping_status":"closed","template":"","meta":{"footnotes":""},"class_list":["post-52","page","type-page","status-publish","hentry"],"_links":{"self":[{"href":"https:\/\/laromad.usthb.dz\/index.php\/wp-json\/wp\/v2\/pages\/52","targetHints":{"allow":["GET"]}}],"collection":[{"href":"https:\/\/laromad.usthb.dz\/index.php\/wp-json\/wp\/v2\/pages"}],"about":[{"href":"https:\/\/laromad.usthb.dz\/index.php\/wp-json\/wp\/v2\/types\/page"}],"author":[{"embeddable":true,"href":"https:\/\/laromad.usthb.dz\/index.php\/wp-json\/wp\/v2\/users\/1"}],"replies":[{"embeddable":true,"href":"https:\/\/laromad.usthb.dz\/index.php\/wp-json\/wp\/v2\/comments?post=52"}],"version-history":[{"count":16,"href":"https:\/\/laromad.usthb.dz\/index.php\/wp-json\/wp\/v2\/pages\/52\/revisions"}],"predecessor-version":[{"id":624,"href":"https:\/\/laromad.usthb.dz\/index.php\/wp-json\/wp\/v2\/pages\/52\/revisions\/624"}],"wp:attachment":[{"href":"https:\/\/laromad.usthb.dz\/index.php\/wp-json\/wp\/v2\/media?parent=52"}],"curies":[{"name":"wp","href":"https:\/\/api.w.org\/{rel}","templated":true}]}}